{"id":369,"date":"2025-08-07T18:23:25","date_gmt":"2025-08-07T18:23:25","guid":{"rendered":"https:\/\/mooizertattoos.com\/?page_id=369"},"modified":"2025-08-07T18:26:56","modified_gmt":"2025-08-07T18:26:56","slug":"termos-de-uso","status":"publish","type":"page","link":"https:\/\/mooizertattoos.com\/en\/termos-de-uso\/","title":{"rendered":"Termos de uso"},"content":{"rendered":"<h2 class=\"wp-block-heading\">Bem-vindo ao website <a class=\"\" href=\"https:\/\/mooizertattoos.com\/en\/\">www.mooizertattoos.com<\/a>.<\/h2>\n\n\n\n<p>Estes Termos de Uso regulam o acesso e a utiliza\u00e7\u00e3o do Website por parte dos utilizadores. Ao utilizar este Website, aceita os termos e condi\u00e7\u00f5es aqui descritos. Se n\u00e3o concordar com algum dos termos, n\u00e3o dever\u00e1 utilizar este Website.<\/p>\n\n\n\n<ol class=\"wp-block-list has-white-color has-text-color has-link-color wp-elements-ddf2352adf91e9aa9d9ac9fc8d898053\">\n<li><strong>Propriedade do Website<\/strong><\/li>\n<\/ol>\n\n\n\n<p>O Website \u00e9 propriedade de Mooizer Tattoos. Todo o conte\u00fado dispon\u00edvel, incluindo textos, imagens, gr\u00e1ficos, v\u00eddeos, logotipos, designs e outros materiais, \u00e9 protegido por leis de direitos de autor e propriedade intelectual. N\u00e3o \u00e9 permitido copiar, distribuir, modificar ou reproduzir qualquer conte\u00fado sem a autoriza\u00e7\u00e3o expressa do propriet\u00e1rio.<\/p>\n\n\n\n<ol start=\"2\" class=\"wp-block-list\">\n<li class=\"has-white-color has-text-color has-link-color wp-elements-77d6f4ddd230e8ce1bce404d46444918\"><strong>Utiliza\u00e7\u00e3o Permitida<\/strong><\/li>\n<\/ol>\n\n\n\n<p>Ao utilizar este Website, concorda que:<\/p>\n\n\n\n<ul class=\"wp-block-list\">\n<li>N\u00e3o usar\u00e1 o Website para fins ilegais ou que prejudiquem terceiros.<\/li>\n\n\n\n<li>N\u00e3o interferir\u00e1 no funcionamento do Website, nomeadamente atrav\u00e9s de ataques cibern\u00e9ticos, inser\u00e7\u00e3o de v\u00edrus ou outros m\u00e9todos que possam comprometer a sua seguran\u00e7a.<\/li>\n\n\n\n<li>N\u00e3o usar\u00e1 qualquer conte\u00fado do Website para fins comerciais sem permiss\u00e3o expl\u00edcita.<\/li>\n\n\n\n<li>N\u00e3o violar\u00e1 os direitos de propriedade intelectual de Mooizer Tattoos ou de terceiros associados.<\/li>\n<\/ul>\n\n\n\n<ol start=\"3\" class=\"wp-block-list\">\n<li class=\"has-white-color has-text-color has-link-color wp-elements-a16aa1a18b841e210df65260b2b69310\"><strong>Conte\u00fado Informativo<\/strong><\/li>\n<\/ol>\n\n\n\n<p>Os materiais e informa\u00e7\u00f5es disponibilizados no Website s\u00e3o apresentados para fins informativos e promocionais, incluindo informa\u00e7\u00f5es sobre os servi\u00e7os prestados, portef\u00f3lio de tatuagens e contacto.<\/p>\n\n\n\n<p>A Mooizer Tattoos reserva-se o direito de alterar, atualizar ou remover qualquer conte\u00fado a qualquer momento e sem aviso pr\u00e9vio.<\/p>\n\n\n\n<ol start=\"4\" class=\"wp-block-list\">\n<li><strong>Limita\u00e7\u00e3o de Responsabilidade<\/strong><\/li>\n<\/ol>\n\n\n\n<p>Mooizer Tattoos n\u00e3o se responsabiliza por:<\/p>\n\n\n\n<ul class=\"wp-block-list\">\n<li>Qualquer interrup\u00e7\u00e3o, erro ou falha no funcionamento do Website.<\/li>\n\n\n\n<li>Danos causados pelo uso ou incapacidade de uso do Website.<\/li>\n\n\n\n<li>Conte\u00fados de websites de terceiros para os quais este Website possa redirecionar (links externos).<\/li>\n<\/ul>\n\n\n\n<p>Os utilizadores aceitam que utilizam o Website por sua conta e risco.<\/p>\n\n\n\n<ol start=\"5\" class=\"wp-block-list\">\n<li><strong>Submiss\u00e3o de Informa\u00e7\u00f5es<\/strong><\/li>\n<\/ol>\n\n\n\n<p>Qualquer informa\u00e7\u00e3o submetida pelo utilizador atrav\u00e9s do Website (por exemplo, atrav\u00e9s de formul\u00e1rios de contacto) deve ser verdadeira, exata e n\u00e3o violar os direitos de terceiros. Mooizer Tattoos reserva-se o direito de n\u00e3o responder a mensagens que considere inadequadas, ofensivas ou irrelevantes.<\/p>\n\n\n\n<ol start=\"6\" class=\"wp-block-list\">\n<li><strong>Links para Websites de Terceiros<\/strong><\/li>\n<\/ol>\n\n\n\n<p>Este Website pode conter links para outros websites que n\u00e3o est\u00e3o sob o controlo de Mooizer Tattoos. N\u00e3o assumimos qualquer responsabilidade pelo conte\u00fado, pr\u00e1ticas ou pol\u00edticas desses websites. O acesso a esses links \u00e9 feito por conta e risco do utilizador.<\/p>\n\n\n\n<ol start=\"7\" class=\"wp-block-list\">\n<li><strong>Altera\u00e7\u00f5es aos Termos de Uso<\/strong><\/li>\n<\/ol>\n\n\n\n<p>A Mooizer Tattoos reserva-se o direito de alterar ou atualizar estes Termos de Uso a qualquer momento, sem aviso pr\u00e9vio. As altera\u00e7\u00f5es ser\u00e3o publicadas nesta p\u00e1gina e entrar\u00e3o em vigor imediatamente ap\u00f3s a sua publica\u00e7\u00e3o.<\/p>\n\n\n\n<ol start=\"8\" class=\"wp-block-list\">\n<li><strong>Pol\u00edtica de Privacidade<\/strong><\/li>\n<\/ol>\n\n\n\n<p>A utiliza\u00e7\u00e3o deste Website est\u00e1 sujeita \u00e0 nossa Pol\u00edtica de Privacidade, dispon\u00edvel aqui.<\/p>\n\n\n\n<p>Recomendamos a sua leitura para compreender como tratamos os seus dados pessoais.<\/p>\n\n\n\n<ol start=\"9\" class=\"wp-block-list\">\n<li><strong>Lei Aplic\u00e1vel e Jurisdi\u00e7\u00e3o<\/strong><\/li>\n<\/ol>\n\n\n\n<p>Estes Termos de Uso s\u00e3o regidos pela legisla\u00e7\u00e3o portuguesa. Qualquer disputa relacionada com o uso deste Website ser\u00e1 resolvida nos tribunais portugueses competentes.<\/p>\n\n\n\n<ol start=\"10\" class=\"wp-block-list\">\n<li><strong>Contacto<\/strong><\/li>\n<\/ol>\n\n\n\n<p>Se tiver d\u00favidas ou preocupa\u00e7\u00f5es relacionadas com estes Termos de Uso, pode entrar em contacto connosco atrav\u00e9s de:<\/p>\n\n\n\n<p>Morada: Pra\u00e7a S\u00e3o Francisco de Assis 3B, 1600-498 Lisboa, Portugal<\/p>\n\n\n\n<p>E-mail: <a>info@mooizertattoos.com<\/a><\/p>\n\n\n\n<p>Telefone: +351 937 256 251<\/p>","protected":false},"excerpt":{"rendered":"<p>Bem-vindo ao website www.mooizertattoos.com. Estes Termos de Uso regulam o acesso e a utiliza\u00e7\u00e3o do Website por parte dos utilizadores. Ao utilizar [&hellip;]<\/p>","protected":false},"author":1,"featured_media":0,"parent":0,"menu_order":0,"comment_status":"closed","ping_status":"closed","template":"","meta":{"footnotes":""},"class_list":["post-369","page","type-page","status-publish","hentry"],"_links":{"self":[{"href":"https:\/\/mooizertattoos.com\/en\/wp-json\/wp\/v2\/pages\/369","targetHints":{"allow":["GET"]}}],"collection":[{"href":"https:\/\/mooizertattoos.com\/en\/wp-json\/wp\/v2\/pages"}],"about":[{"href":"https:\/\/mooizertattoos.com\/en\/wp-json\/wp\/v2\/types\/page"}],"author":[{"embeddable":true,"href":"https:\/\/mooizertattoos.com\/en\/wp-json\/wp\/v2\/users\/1"}],"replies":[{"embeddable":true,"href":"https:\/\/mooizertattoos.com\/en\/wp-json\/wp\/v2\/comments?post=369"}],"version-history":[{"count":0,"href":"https:\/\/mooizertattoos.com\/en\/wp-json\/wp\/v2\/pages\/369\/revisions"}],"wp:attachment":[{"href":"https:\/\/mooizertattoos.com\/en\/wp-json\/wp\/v2\/media?parent=369"}],"curies":[{"name":"wp","href":"https:\/\/api.w.org\/{rel}","templated":true}]}}