{"id":223,"date":"2025-08-07T13:28:10","date_gmt":"2025-08-07T13:28:10","guid":{"rendered":"https:\/\/mooizertattoos.com\/?page_id=223"},"modified":"2025-08-07T19:57:50","modified_gmt":"2025-08-07T19:57:50","slug":"sobre-mim","status":"publish","type":"page","link":"https:\/\/mooizertattoos.com\/fr\/sobre-mim\/","title":{"rendered":"\u00c0 propos"},"content":{"rendered":"<div data-elementor-type=\"wp-page\" data-elementor-id=\"223\" class=\"elementor elementor-223\">\n\t\t\t\t<div class=\"elementor-element elementor-element-a2c1387 e-flex e-con-boxed elementor-invisible e-con e-parent\" data-id=\"a2c1387\" data-element_type=\"container\" id=\"carousel\" data-settings=\"{&quot;background_background&quot;:&quot;classic&quot;,&quot;animation&quot;:&quot;fadeIn&quot;,&quot;animation_delay&quot;:&quot;160&quot;}\">\n\t\t\t\t\t<div class=\"e-con-inner\">\n\t\t<div class=\"elementor-element elementor-element-65190d0 e-con-full e-flex e-con e-child\" data-id=\"65190d0\" data-element_type=\"container\">\n\t\t\t\t<div class=\"elementor-element elementor-element-7b03c95 elementor-widget__width-initial elementor-widget-tablet__width-initial elementor-widget-mobile__width-inherit ui-e-a-animate elementor-widget elementor-widget-highlighted-text\" data-id=\"7b03c95\" data-element_type=\"widget\" data-widget_type=\"highlighted-text.default\">\n\t\t\t\t\t        <h1 class=\"ui-e--highlighted-text\">\n            <span class=\"ui-e-headline-text elementor-repeater-item-6dd6d53\">\u00e0 <\/span><span class=\"ui-e-headline-text elementor-repeater-item-9f571d1 ui-e-headline-color\">\n\t\t\t\t\t\t\t\t\t<span class=\"whitespace\"><\/span>\n                                    <span>\n                                        <span class=\"ui-e-headline-text ui-e-headline-highlighted\">propos<\/span><span class=\"uicore-svg-wrapper\"><svg xmlns=\"http:\/\/www.w3.org\/2000\/svg\" viewbox=\"0 0 500 150\" preserveaspectratio=\"none\"><\/svg><\/span><\/span> <span class=\"whitespace\"> <\/span><\/span>        <\/h1>\n    \t\t\t\t<\/div>\n\t\t\t\t<div class=\"elementor-element elementor-element-547d5d0 elementor-widget elementor-widget-heading\" data-id=\"547d5d0\" data-element_type=\"widget\" data-widget_type=\"heading.default\">\n\t\t\t\t\t<h3 class=\"elementor-heading-title elementor-size-default\">Je m\u2019appelle Mooizer Sim\u00e3o, je suis un artiste sp\u00e9cialis\u00e9 en tatouages personnalis\u00e9s.<\/h3>\t\t\t\t<\/div>\n\t\t\t\t<div class=\"elementor-element elementor-element-54ef732 elementor-widget__width-initial elementor-widget elementor-widget-text-editor\" data-id=\"54ef732\" data-element_type=\"widget\" data-widget_type=\"text-editor.default\">\n\t\t\t\t\t\t\t\t\t<p>Je suis originaire d\u2019Angola, mais je vis actuellement \u00e0 Lisbonne, au Portugal.<\/p><p>J\u2019ai toujours eu un int\u00e9r\u00eat et une passion pour les arts visuels depuis mon enfance, mais c\u2019est durant mon adolescence que j\u2019ai commenc\u00e9 \u00e0 \u00e9tudier et explorer le dessin artistique.<\/p><p>J\u2019ai \u00e9tudi\u00e9 les arts visuels \u00e0 l\u2019Instituto Superior de Artes \u00e0 Luanda, o\u00f9 j\u2019ai consolid\u00e9 mes comp\u00e9tences en tant qu\u2019artiste plasticien. J\u2019ai \u00e9galement \u00e9tudi\u00e9 le design graphique \u00e0 la Lisbon Design School (LSD), o\u00f9 j\u2019ai approfondi mes bases en design graphique.<\/p><p>J\u2019ai eu mes premiers contacts avec le tatouage vers 2012, mais c\u2019est en 2017 que j\u2019ai commenc\u00e9 mon parcours en tant qu\u2019artiste tatoueur, en travaillant \u00e0 plein temps et en me consacrant pleinement depuis lors. Je cherche constamment \u00e0 \u00e9voluer jour apr\u00e8s jour, en \u00e9tudiant avec plusieurs artistes de l\u2019industrie du tatouage ainsi que dans le dessin artistique, la peinture, la sculpture, l\u2019histoire de l\u2019art et le design graphique afin d\u2019am\u00e9liorer mes techniques et de diversifier mes styles.<\/p><p class=\"translation-block\">Je travaille actuellement \u00e0 Lisbonne, Portugal, dans mon studio priv\u00e9 qui respecte toutes les exigences et conditions d\u2019hygi\u00e8ne pour r\u00e9aliser des tatouages propres et professionnels.\nEn plus du tatouage, je suis \u00e9galement un professionnel du piercing corporel, responsable de la pose de bijoux sur diff\u00e9rentes parties du corps par perforation.<\/p><p>Consid\u00e9rant que le tatouage est l\u2019une des formes de modification corporelle les plus courantes et r\u00e9pandues, pratiqu\u00e9e depuis des temps ancestraux par divers peuples, avec une immense variation de techniques de composition, de valeurs esth\u00e9tiques et de significations culturelles \u2014 des id\u00e9es que je prends toujours en compte lorsque je con\u00e7ois un dessin \u00e0 tatouer.<\/p><p>Bien que je poss\u00e8de une grande polyvalence dans le travail avec diff\u00e9rents styles de tatouage, je ressens une plus grande affinit\u00e9 pour le r\u00e9alisme. Cette polyvalence me conduit non seulement au r\u00e9alisme, mais aussi \u00e0 repousser les limites et \u00e0 cr\u00e9er de nouvelles coh\u00e9sions artistiques qui d\u00e9passent les d\u00e9finitions traditionnelles.<\/p><p>Je donne la priorit\u00e9 \u00e0 des designs originaux qui refl\u00e8tent mon identit\u00e9 artistique, en consacrant mon \u00e9nergie et ma cr\u00e9ativit\u00e9 au d\u00e9veloppement de compositions uniques et personnalis\u00e9es, toujours avec un profond respect pour l\u2019individualit\u00e9 de chaque client. Mon objectif est d\u2019offrir une exp\u00e9rience unique \u00e0 ceux qui choisissent de se laisser guider par ma vision artistique de ce monde.<\/p><p>En plus d\u2019exercer \u00e0 Lisbonne, Portugal, je voyage r\u00e9guli\u00e8rement et r\u00e9alise des tatouages dans d\u2019autres pays d\u00e8s que possible. J\u2019ai travaill\u00e9 dans des pays tels que l\u2019Angola, l\u2019Espagne, la France, l\u2019Allemagne, les Pays-Bas, l\u2019Italie, la Suisse, le Luxembourg, la Finlande, entre autres.<\/p><p>J\u2019ai eu l\u2019opportunit\u00e9 de tatouer plusieurs c\u00e9l\u00e9brit\u00e9s, mais pour moi, le plus important est d\u2019offrir une exp\u00e9rience unique \u00e0 chaque client, qu\u2019il soit c\u00e9l\u00e8bre ou non. Ma plus grande r\u00e9compense est de voir la r\u00e9action de chaque personne en contemplant l\u2019\u0153uvre termin\u00e9e \u2014 l\u2019\u00e9tincelle dans leurs yeux, la fiert\u00e9, la satisfaction et la vanit\u00e9 qui transparaissent dans leur expression au fil du temps. C\u2019est cela, pour moi, qui est le plus gratifiant.<\/p><p>Si vous recherchez un tatouage authentique, r\u00e9alis\u00e9 avec une attention aux d\u00e9tails et une touche artistique unique, je suis l\u00e0 pour donner vie \u00e0 votre id\u00e9e. Cr\u00e9ons quelque chose d\u2019incroyable ensemble !<\/p>\t\t\t\t\t\t\t\t<\/div>\n\t\t\t\t<div class=\"elementor-element elementor-element-cf22b29 contact-popup elementor-mobile-align-center elementor-invisible elementor-widget elementor-widget-button\" data-id=\"cf22b29\" data-element_type=\"widget\" data-settings=\"{&quot;_animation&quot;:&quot;fadeInRight&quot;,&quot;_animation_delay&quot;:&quot;800&quot;}\" data-widget_type=\"button.default\">\n\t\t\t\t\t\t\t\t\t\t<a class=\"elementor-button elementor-button-link elementor-size-sm\" href=\"#gettouch\">\n\t\t\t\t\t\t<span class=\"elementor-button-content-wrapper\">\n\t\t\t\t\t\t<span class=\"elementor-button-icon\">\n\t\t\t\t<i aria-hidden=\"true\" class=\"ti ti-arrow-right\"><\/i>\t\t\t<\/span>\n\t\t\t\t\t\t\t\t\t<span class=\"elementor-button-text\">DEVIS<\/span>\n\t\t\t\t\t<\/span>\n\t\t\t\t\t<\/a>\n\t\t\t\t\t\t\t\t<\/div>\n\t\t\t\t<\/div>\n\t\t<div class=\"elementor-element elementor-element-0f2e39c e-con-full e-flex e-con e-child\" data-id=\"0f2e39c\" data-element_type=\"container\">\n\t\t\t\t<div class=\"elementor-element elementor-element-0c2f123 elementor-widget elementor-widget-image\" data-id=\"0c2f123\" data-element_type=\"widget\" data-widget_type=\"image.default\">\n\t\t\t\t\t\t\t\t\t\t\t\t\t\t\t<img fetchpriority=\"high\" decoding=\"async\" width=\"1000\" height=\"1000\" src=\"https:\/\/mooizertattoos.com\/wp-content\/uploads\/2025\/07\/logo-opacity-1024x1024.png\" class=\"attachment-large size-large wp-image-129\" alt=\"\" srcset=\"https:\/\/mooizertattoos.com\/wp-content\/uploads\/2025\/07\/logo-opacity-1024x1024.png 1024w, https:\/\/mooizertattoos.com\/wp-content\/uploads\/2025\/07\/logo-opacity-300x300.png 300w, https:\/\/mooizertattoos.com\/wp-content\/uploads\/2025\/07\/logo-opacity-150x150.png 150w, https:\/\/mooizertattoos.com\/wp-content\/uploads\/2025\/07\/logo-opacity-768x768.png 768w, https:\/\/mooizertattoos.com\/wp-content\/uploads\/2025\/07\/logo-opacity-650x650.png 650w, https:\/\/mooizertattoos.com\/wp-content\/uploads\/2025\/07\/logo-opacity.png 1500w\" sizes=\"(max-width: 1000px) 100vw, 1000px\" \/>\t\t\t\t\t\t\t\t\t\t\t\t\t\t\t<\/div>\n\t\t\t\t<\/div>\n\t\t\t\t\t<\/div>\n\t\t\t\t<\/div>\n\t\t<div class=\"elementor-element elementor-element-269e7150 e-flex e-con-boxed e-con e-parent\" data-id=\"269e7150\" data-element_type=\"container\">\n\t\t\t\t\t<div class=\"e-con-inner\">\n\t\t<div class=\"elementor-element elementor-element-78044d88 e-con-full e-flex e-con e-child\" data-id=\"78044d88\" data-element_type=\"container\">\n\t\t\t\t<div class=\"elementor-element elementor-element-76608105 elementor-widget elementor-widget-heading\" data-id=\"76608105\" data-element_type=\"widget\" data-widget_type=\"heading.default\">\n\t\t\t\t\t<h2 class=\"elementor-heading-title elementor-size-default\">Une passion<\/h2>\t\t\t\t<\/div>\n\t\t\t\t<div class=\"elementor-element elementor-element-de4a058 ui-e-overflow-no ui-e-badge-start-left elementor-widget elementor-widget-uicore-gallery-grid\" data-id=\"de4a058\" data-element_type=\"widget\" data-widget_type=\"uicore-gallery-grid.default\">\n\t\t\t\t\t        <div class='ui-e-grid ui-e-items-wrp'>\n                    <div class=\"ui-e-wrp ui-e-filtered\" data-ui-e-tags=\"\">\n\n            \n                <div class=\"ui-e-item\">\n                     <div class=\"ui-e-media-wrp\">\n            <img decoding=\"async\" src=\"https:\/\/mooizertattoos.com\/wp-content\/uploads\/2025\/08\/IMG_2315.jpg\" title=\"IMG_2315\" alt=\"IMG_2315\" loading=\"lazy\" \/> <\/div>\n                                            <\/div>\n\n                \n        <\/div>\n            <div class=\"ui-e-wrp ui-e-filtered\" data-ui-e-tags=\"\">\n\n            \n                <div class=\"ui-e-item\">\n                     <div class=\"ui-e-media-wrp\">\n            <img decoding=\"async\" src=\"https:\/\/mooizertattoos.com\/wp-content\/uploads\/2025\/08\/93A7546-Editar-scaled.jpg\" title=\"_93A7546-Editar\" alt=\"_93A7546-Editar\" loading=\"lazy\" \/> <\/div>\n                                            <\/div>\n\n                \n        <\/div>\n            <div class=\"ui-e-wrp ui-e-filtered\" data-ui-e-tags=\"\">\n\n            \n                <div class=\"ui-e-item\">\n                     <div class=\"ui-e-media-wrp\">\n            <img decoding=\"async\" src=\"https:\/\/mooizertattoos.com\/wp-content\/uploads\/2025\/08\/IMG_3450-scaled.jpg\" title=\"IMG_3450\" alt=\"IMG_3450\" loading=\"lazy\" \/> <\/div>\n                                            <\/div>\n\n                \n        <\/div>\n            <\/div>\n\t\t\t\t<\/div>\n\t\t\t\t<\/div>\n\t\t\t\t\t<\/div>\n\t\t\t\t<\/div>\n\t\t<div class=\"elementor-element elementor-element-4ab825f e-flex e-con-boxed e-con e-parent\" data-id=\"4ab825f\" data-element_type=\"container\">\n\t\t\t\t\t<div class=\"e-con-inner\">\n\t\t<div class=\"elementor-element elementor-element-5d5b4df e-con-full e-flex e-con e-child\" data-id=\"5d5b4df\" data-element_type=\"container\">\n\t\t\t\t<div class=\"elementor-element elementor-element-660ceae elementor-widget elementor-widget-html\" data-id=\"660ceae\" data-element_type=\"widget\" data-widget_type=\"html.default\">\n\t\t\t\t\t<iframe class=\"map\" src=\"https:\/\/www.google.com\/maps\/embed?pb=!1m18!1m12!1m3!1d3110.9831590639906!2d-9.184618823874942!3d38.76409027175297!2m3!1f0!2f0!3f0!3m2!1i1024!2i768!4f13.1!3m3!1m2!1s0xd1ecfd6887988cf%3A0x589080160f4c5aa0!2sMooizer%20Tattoos!5e0!3m2!1sfr!2sfr!4v1754588607823!5m2!1sfr!2sfr\" width=\"1920\" height=\"450\" style=\"border:0;\" allowfullscreen=\"\" loading=\"lazy\" referrerpolicy=\"no-referrer-when-downgrade\"><\/iframe>\t\t\t\t<\/div>\n\t\t\t\t<\/div>\n\t\t<div class=\"elementor-element elementor-element-b2cf231 e-con-full e-flex e-con e-child\" data-id=\"b2cf231\" data-element_type=\"container\">\n\t\t\t\t<div class=\"elementor-element elementor-element-d065f80 elementor-widget__width-initial ui-e-a-animate elementor-widget elementor-widget-highlighted-text\" data-id=\"d065f80\" data-element_type=\"widget\" data-widget_type=\"highlighted-text.default\">\n\t\t\t\t\t        <h2 class=\"ui-e--highlighted-text\">\n            <span class=\"ui-e-headline-text elementor-repeater-item-958245f\">Avez-vous des questions ?<\/span><span class=\"ui-e-headline-text elementor-repeater-item-533f29d ui-e-headline-color\">\n\t\t\t\t\t\t\t\t\t<span class=\"whitespace\"><\/span>\n                                    <span>\n                                        <span class=\"ui-e-headline-text ui-e-headline-highlighted\">N\u2019h\u00e9sitez pas \u00e0 nous contacter.<\/span><span class=\"uicore-svg-wrapper\"><svg xmlns=\"http:\/\/www.w3.org\/2000\/svg\" viewbox=\"0 0 500 150\" preserveaspectratio=\"none\"><\/svg><\/span><\/span> <span class=\"whitespace\"> <\/span><\/span>        <\/h2>\n    \t\t\t\t<\/div>\n\t\t\t\t<div class=\"elementor-element elementor-element-ba1ac9b elementor-align-left elementor-icon-list--layout-traditional elementor-list-item-link-full_width elementor-widget elementor-widget-icon-list\" data-id=\"ba1ac9b\" data-element_type=\"widget\" data-widget_type=\"icon-list.default\">\n\t\t\t\t\t\t\t<ul class=\"elementor-icon-list-items\">\n\t\t\t\t\t\t\t<li class=\"elementor-icon-list-item\">\n\t\t\t\t\t\t\t\t\t\t\t<a href=\"mailto:%20info@mooizertattoos.com\">\n\n\t\t\t\t\t\t\t\t\t\t\t\t<span class=\"elementor-icon-list-icon\">\n\t\t\t\t\t\t\t<svg aria-hidden=\"true\" class=\"e-font-icon-svg e-fas-envelope\" viewbox=\"0 0 512 512\" xmlns=\"http:\/\/www.w3.org\/2000\/svg\"><path d=\"M502.3 190.8c3.9-3.1 9.7-.2 9.7 4.7V400c0 26.5-21.5 48-48 48H48c-26.5 0-48-21.5-48-48V195.6c0-5 5.7-7.8 9.7-4.7 22.4 17.4 52.1 39.5 154.1 113.6 21.1 15.4 56.7 47.8 92.2 47.6 35.7.3 72-32.8 92.3-47.6 102-74.1 131.6-96.3 154-113.7zM256 320c23.2.4 56.6-29.2 73.4-41.4 132.7-96.3 142.8-104.7 173.4-128.7 5.8-4.5 9.2-11.5 9.2-18.9v-19c0-26.5-21.5-48-48-48H48C21.5 64 0 85.5 0 112v19c0 7.4 3.4 14.3 9.2 18.9 30.6 23.9 40.7 32.4 173.4 128.7 16.8 12.2 50.2 41.8 73.4 41.4z\"><\/path><\/svg>\t\t\t\t\t\t<\/span>\n\t\t\t\t\t\t\t\t\t\t<span class=\"elementor-icon-list-text\"> info@mooizertattoos.com<\/span>\n\t\t\t\t\t\t\t\t\t\t\t<\/a>\n\t\t\t\t\t\t\t\t\t<\/li>\n\t\t\t\t\t\t\t\t<li class=\"elementor-icon-list-item\">\n\t\t\t\t\t\t\t\t\t\t\t<a href=\"tel:%20+351%20937%20256%20251\">\n\n\t\t\t\t\t\t\t\t\t\t\t\t<span class=\"elementor-icon-list-icon\">\n\t\t\t\t\t\t\t<svg aria-hidden=\"true\" class=\"e-font-icon-svg e-fas-phone-alt\" viewbox=\"0 0 512 512\" xmlns=\"http:\/\/www.w3.org\/2000\/svg\"><path d=\"M497.39 361.8l-112-48a24 24 0 0 0-28 6.9l-49.6 60.6A370.66 370.66 0 0 1 130.6 204.11l60.6-49.6a23.94 23.94 0 0 0 6.9-28l-48-112A24.16 24.16 0 0 0 122.6.61l-104 24A24 24 0 0 0 0 48c0 256.5 207.9 464 464 464a24 24 0 0 0 23.4-18.6l24-104a24.29 24.29 0 0 0-14.01-27.6z\"><\/path><\/svg>\t\t\t\t\t\t<\/span>\n\t\t\t\t\t\t\t\t\t\t<span class=\"elementor-icon-list-text\"> +351 937 256 251<\/span>\n\t\t\t\t\t\t\t\t\t\t\t<\/a>\n\t\t\t\t\t\t\t\t\t<\/li>\n\t\t\t\t\t\t\t\t<li class=\"elementor-icon-list-item\">\n\t\t\t\t\t\t\t\t\t\t\t<a href=\"#\">\n\n\t\t\t\t\t\t\t\t\t\t\t\t<span class=\"elementor-icon-list-icon\">\n\t\t\t\t\t\t\t<svg aria-hidden=\"true\" class=\"e-font-icon-svg e-fas-map-marker-alt\" viewbox=\"0 0 384 512\" xmlns=\"http:\/\/www.w3.org\/2000\/svg\"><path d=\"M172.268 501.67C26.97 291.031 0 269.413 0 192 0 85.961 85.961 0 192 0s192 85.961 192 192c0 77.413-26.97 99.031-172.268 309.67-9.535 13.774-29.93 13.773-39.464 0zM192 272c44.183 0 80-35.817 80-80s-35.817-80-80-80-80 35.817-80 80 35.817 80 80 80z\"><\/path><\/svg>\t\t\t\t\t\t<\/span>\n\t\t\t\t\t\t\t\t\t\t<span class=\"elementor-icon-list-text\">Pra\u00e7a S\u00e3o Francisco de Assis 3B, 1600-498 Lisboa, Portugal<\/span>\n\t\t\t\t\t\t\t\t\t\t\t<\/a>\n\t\t\t\t\t\t\t\t\t<\/li>\n\t\t\t\t\t\t<\/ul>\n\t\t\t\t\t\t<\/div>\n\t\t\t\t<\/div>\n\t\t\t\t\t<\/div>\n\t\t\t\t<\/div>\n\t\t\t\t<\/div>","protected":false},"excerpt":{"rendered":"<p>Sobre mim Meu nome \u00e9 Mooizer Sim\u00e3o, sou artista de tatuagem personalizadas . Sou de origem Angolana, mas atualmente moro em Lisboa, [&hellip;]<\/p>","protected":false},"author":1,"featured_media":0,"parent":0,"menu_order":0,"comment_status":"closed","ping_status":"closed","template":"","meta":{"footnotes":""},"class_list":["post-223","page","type-page","status-publish","hentry"],"_links":{"self":[{"href":"https:\/\/mooizertattoos.com\/fr\/wp-json\/wp\/v2\/pages\/223","targetHints":{"allow":["GET"]}}],"collection":[{"href":"https:\/\/mooizertattoos.com\/fr\/wp-json\/wp\/v2\/pages"}],"about":[{"href":"https:\/\/mooizertattoos.com\/fr\/wp-json\/wp\/v2\/types\/page"}],"author":[{"embeddable":true,"href":"https:\/\/mooizertattoos.com\/fr\/wp-json\/wp\/v2\/users\/1"}],"replies":[{"embeddable":true,"href":"https:\/\/mooizertattoos.com\/fr\/wp-json\/wp\/v2\/comments?post=223"}],"version-history":[{"count":0,"href":"https:\/\/mooizertattoos.com\/fr\/wp-json\/wp\/v2\/pages\/223\/revisions"}],"wp:attachment":[{"href":"https:\/\/mooizertattoos.com\/fr\/wp-json\/wp\/v2\/media?parent=223"}],"curies":[{"name":"wp","href":"https:\/\/api.w.org\/{rel}","templated":true}]}}